{"id":2,"date":"2024-02-26T13:29:14","date_gmt":"2024-02-26T13:29:14","guid":{"rendered":"http:\/\/sannafjallet.se\/?page_id=2"},"modified":"2025-02-21T11:25:54","modified_gmt":"2025-02-21T11:25:54","slug":"sample-page","status":"publish","type":"page","link":"https:\/\/sannafjallet.se\/?page_id=2","title":{"rendered":"Kontakta oss"},"content":{"rendered":"\t\t<div data-elementor-type=\"wp-page\" data-elementor-id=\"2\" class=\"elementor elementor-2\" data-elementor-post-type=\"page\">\n\t\t\t\t<div class=\"elementor-element elementor-element-eaf2adb e-flex e-con-boxed e-con e-parent\" data-id=\"eaf2adb\" data-element_type=\"container\">\n\t\t\t\t\t<div class=\"e-con-inner\">\n\t\t<div class=\"elementor-element elementor-element-62e8a40 e-con-full e-flex e-con e-child\" data-id=\"62e8a40\" data-element_type=\"container\">\n\t\t\t\t<div class=\"elementor-element elementor-element-fc5e604 elementor-widget elementor-widget-ehp-form\" data-id=\"fc5e604\" data-element_type=\"widget\" data-settings=\"{&quot;button_width&quot;:&quot;100&quot;}\" data-widget_type=\"ehp-form.default\">\n\t\t\t\t<div class=\"elementor-widget-container\">\n\t\t\t\t\t\t\t<form class=\"ehp-form\" method=\"post\" name=\"New Form\">\n\t\t\t\t\t<div class=\"ehp-form__text-container\">\n\t\t\t<h2 class=\"ehp-form__heading\">Kontakta oss<\/h2>\n\t\t\t\t\t\t\t<p class=\"ehp-form__description\">Har du fr\u00e5gor om kattv\u00e5rd, eller vill du bara s\u00e4ga hej? Vi \u00e4lskar att prata om katter och hj\u00e4lper g\u00e4rna till med r\u00e5d och tips!<\/p>\n\t\t\t\t\t<\/div>\n\t\t\t\t\t<input type=\"hidden\" name=\"post_id\" value=\"2\"\/>\n\t\t\t<input type=\"hidden\" name=\"form_id\" value=\"fc5e604\"\/>\n\t\t\t<input type=\"hidden\" name=\"referer_title\" value=\"Kontakta oss - sannafjallet.se\"\/>\n\n\t\t\t\t\t\t\t<input type=\"hidden\" name=\"queried_id\" value=\"2\"\/>\n\t\t\t\n\t\t\t<div class=\"ehp-form__wrapper\">\n\t\t\t\t\t\t\t\t\t<div class=\"ehp-form__field-group is-field-type-text is-field-group-name has-width-100 has-border has-shape-default\">\n\t\t\t\t\t\t\t\t\t\t\t\t\t<label for=\"form-field-name\" class=\"ehp-form__field-label\">\n\t\t\t\t\t\t\t\tNamn\t\t\t\t\t\t\t<\/label>\n\t\t\t\t\t\t\t\t\t\t\t\t\t\t\t<input size=\"1\" type=\"text\" name=\"form_fields[name]\" id=\"form-field-name\" class=\"ehp-form__field elementor-size-sm  elementor-field-textual\" placeholder=\"Namn\">\n\t\t\t\t\t\t\t\t\t\t\t\t\t<\/div>\n\t\t\t\t\t\t\t\t\t<div class=\"ehp-form__field-group is-field-type-email is-field-group-email has-width-100 is-field-required is-mark-required has-border has-shape-default\">\n\t\t\t\t\t\t\t\t\t\t\t\t\t<label for=\"form-field-email\" class=\"ehp-form__field-label\">\n\t\t\t\t\t\t\t\tEmail\t\t\t\t\t\t\t<\/label>\n\t\t\t\t\t\t\t\t\t\t\t\t\t\t\t<input size=\"1\" type=\"email\" name=\"form_fields[email]\" id=\"form-field-email\" class=\"ehp-form__field elementor-size-sm  elementor-field-textual\" placeholder=\"Email\" required=\"required\" aria-required=\"true\">\n\t\t\t\t\t\t\t\t\t\t\t\t\t<\/div>\n\t\t\t\t\t\t\t\t\t<div class=\"ehp-form__field-group is-field-type-textarea is-field-group-message has-width-100 has-border has-shape-default\">\n\t\t\t\t\t\t\t\t\t\t\t\t\t<label for=\"form-field-message\" class=\"ehp-form__field-label\">\n\t\t\t\t\t\t\t\tMeddelande\t\t\t\t\t\t\t<\/label>\n\t\t\t\t\t\t\t<textarea class=\"elementor-field-textual ehp-form__field eph-form__textarea  elementor-size-sm\" name=\"form_fields[message]\" id=\"form-field-message\" rows=\"4\" placeholder=\"Meddelande\"><\/textarea>\t\t\t\t\t<\/div>\n\t\t\t\t\t\t\t\t\t\t<div class=\"ehp-form__submit-group has-width-100\">\n\t\t\t<button class=\"ehp-form__button has-shape-default is-type-button\" type=\"submit\">\n\t\t\t\t\t\t\t\t\t\t\t\t\t\n\t\t\t\t\t\t\t\t\t<span class=\"ehp-form__button-text\">Send<\/span>\n\t\t\t\t\t\t\t<\/button>\n\t\t<\/div>\n\t\t\t\t\t<\/div>\n\t\t<\/form>\n\t\t\t\t\t\t<\/div>\n\t\t\t\t<\/div>\n\t\t\t\t<\/div>\n\t\t<div class=\"elementor-element elementor-element-0ad28f0 e-con-full e-flex e-con e-child\" data-id=\"0ad28f0\" data-element_type=\"container\">\n\t\t<div class=\"elementor-element elementor-element-29d3dc4 e-con-full e-flex e-con e-child\" data-id=\"29d3dc4\" data-element_type=\"container\">\n\t\t\t\t<div class=\"elementor-element elementor-element-1307658 elementor-vertical-align-top elementor-widget elementor-widget-icon-box\" data-id=\"1307658\" data-element_type=\"widget\" data-widget_type=\"icon-box.default\">\n\t\t\t\t<div class=\"elementor-widget-container\">\n\t\t\t\t\t\t\t<div class=\"elementor-icon-box-wrapper\">\n\n\t\t\t\n\t\t\t\t\t\t<div class=\"elementor-icon-box-content\">\n\n\t\t\t\t\t\t\t\t\t<h3 class=\"elementor-icon-box-title\">\n\t\t\t\t\t\t<span  >\n\t\t\t\t\t\t\tF\u00f6lj oss p\u00e5 sociala medier!\t\t\t\t\t\t<\/span>\n\t\t\t\t\t<\/h3>\n\t\t\t\t\n\t\t\t\t\t\t\t\t\t<p class=\"elementor-icon-box-description\">\n\t\t\t\t\t\tH\u00e5ll dig uppdaterad med de senaste kattipsen, artiklar och inspiration f\u00f6r ett kattv\u00e4nligt liv.\n<br>Facebook: @sannafjallet<br>\nInstagram: @sannafjallet<br>\n\nVi ser fram emot att h\u00f6ra fr\u00e5n dig! \n\n\t\t\t\t\t<\/p>\n\t\t\t\t\n\t\t\t<\/div>\n\t\t\t\n\t\t<\/div>\n\t\t\t\t\t\t<\/div>\n\t\t\t\t<\/div>\n\t\t\t\t<\/div>\n\t\t<div class=\"elementor-element elementor-element-043f18d e-con-full e-flex e-con e-child\" data-id=\"043f18d\" data-element_type=\"container\">\n\t\t\t\t<div class=\"elementor-element elementor-element-6d62d72 elementor-icon-list--layout-traditional elementor-list-item-link-full_width elementor-widget elementor-widget-icon-list\" data-id=\"6d62d72\" data-element_type=\"widget\" data-widget_type=\"icon-list.default\">\n\t\t\t\t<div class=\"elementor-widget-container\">\n\t\t\t\t\t\t\t<ul class=\"elementor-icon-list-items\">\n\t\t\t\t\t\t\t<li class=\"elementor-icon-list-item\">\n\t\t\t\t\t\t\t\t\t\t\t<span class=\"elementor-icon-list-icon\">\n\t\t\t\t\t\t\t<svg aria-hidden=\"true\" class=\"e-font-icon-svg e-fas-phone\" viewBox=\"0 0 512 512\" xmlns=\"http:\/\/www.w3.org\/2000\/svg\"><path d=\"M493.4 24.6l-104-24c-11.3-2.6-22.9 3.3-27.5 13.9l-48 112c-4.2 9.8-1.4 21.3 6.9 28l60.6 49.6c-36 76.7-98.9 140.5-177.2 177.2l-49.6-60.6c-6.8-8.3-18.2-11.1-28-6.9l-112 48C3.9 366.5-2 378.1.6 389.4l24 104C27.1 504.2 36.7 512 48 512c256.1 0 464-207.5 464-464 0-11.2-7.7-20.9-18.6-23.4z\"><\/path><\/svg>\t\t\t\t\t\t<\/span>\n\t\t\t\t\t\t\t\t\t\t<span class=\"elementor-icon-list-text\">071-234 56 89<\/span>\n\t\t\t\t\t\t\t\t\t<\/li>\n\t\t\t\t\t\t\t\t<li class=\"elementor-icon-list-item\">\n\t\t\t\t\t\t\t\t\t\t\t<span class=\"elementor-icon-list-icon\">\n\t\t\t\t\t\t\t<svg aria-hidden=\"true\" class=\"e-font-icon-svg e-fas-mail-bulk\" viewBox=\"0 0 576 512\" xmlns=\"http:\/\/www.w3.org\/2000\/svg\"><path d=\"M160 448c-25.6 0-51.2-22.4-64-32-64-44.8-83.2-60.8-96-70.4V480c0 17.67 14.33 32 32 32h256c17.67 0 32-14.33 32-32V345.6c-12.8 9.6-32 25.6-96 70.4-12.8 9.6-38.4 32-64 32zm128-192H32c-17.67 0-32 14.33-32 32v16c25.6 19.2 22.4 19.2 115.2 86.4 9.6 6.4 28.8 25.6 44.8 25.6s35.2-19.2 44.8-22.4c92.8-67.2 89.6-67.2 115.2-86.4V288c0-17.67-14.33-32-32-32zm256-96H224c-17.67 0-32 14.33-32 32v32h96c33.21 0 60.59 25.42 63.71 57.82l.29-.22V416h192c17.67 0 32-14.33 32-32V192c0-17.67-14.33-32-32-32zm-32 128h-64v-64h64v64zm-352-96c0-35.29 28.71-64 64-64h224V32c0-17.67-14.33-32-32-32H96C78.33 0 64 14.33 64 32v192h96v-32z\"><\/path><\/svg>\t\t\t\t\t\t<\/span>\n\t\t\t\t\t\t\t\t\t\t<span class=\"elementor-icon-list-text\">info@sannafjallet.se<\/span>\n\t\t\t\t\t\t\t\t\t<\/li>\n\t\t\t\t\t\t<\/ul>\n\t\t\t\t\t\t<\/div>\n\t\t\t\t<\/div>\n\t\t\t\t<\/div>\n\t\t\t\t<\/div>\n\t\t\t\t\t<\/div>\n\t\t\t\t<\/div>\n\t\t\t\t<\/div>\n\t\t","protected":false},"excerpt":{"rendered":"<p>F\u00f6lj oss p\u00e5 sociala medier! H\u00e5ll dig uppdaterad med de senaste kattipsen, artiklar och inspiration f\u00f6r ett kattv\u00e4nligt liv. Facebook: @sannafjallet Instagram: @sannafjallet Vi ser fram emot att h\u00f6ra fr\u00e5n dig! 071-234 56 89 info@sannafjallet.se<\/p>\n","protected":false},"author":1,"featured_media":0,"parent":0,"menu_order":0,"comment_status":"closed","ping_status":"closed","template":"","meta":{"footnotes":""},"class_list":["post-2","page","type-page","status-publish","hentry"],"yoast_head":"<!-- This site is optimized with the Yoast SEO plugin v24.4 - https:\/\/yoast.com\/wordpress\/plugins\/seo\/ -->\n<title>Kontakta oss - sannafjallet.se<\/title>\n<meta name=\"robots\" content=\"index, follow, max-snippet:-1, max-image-preview:large, max-video-preview:-1\" \/>\n<link rel=\"canonical\" href=\"https:\/\/sannafjallet.se\/?page_id=2\" \/>\n<meta property=\"og:locale\" content=\"en_US\" \/>\n<meta property=\"og:type\" content=\"article\" \/>\n<meta property=\"og:title\" content=\"Kontakta oss - sannafjallet.se\" \/>\n<meta property=\"og:description\" content=\"F\u00f6lj oss p\u00e5 sociala medier! H\u00e5ll dig uppdaterad med de senaste kattipsen, artiklar och inspiration f\u00f6r ett kattv\u00e4nligt liv. Facebook: @sannafjallet Instagram: @sannafjallet Vi ser fram emot att h\u00f6ra fr\u00e5n dig! 071-234 56 89 info@sannafjallet.se\" \/>\n<meta property=\"og:url\" content=\"https:\/\/sannafjallet.se\/?page_id=2\" \/>\n<meta property=\"og:site_name\" content=\"sannafjallet.se\" \/>\n<meta property=\"article:modified_time\" content=\"2025-02-21T11:25:54+00:00\" \/>\n<meta name=\"twitter:card\" content=\"summary_large_image\" \/>\n<meta name=\"twitter:label1\" content=\"Est. reading time\" \/>\n\t<meta name=\"twitter:data1\" content=\"1 minute\" \/>\n<script type=\"application\/ld+json\" class=\"yoast-schema-graph\">{\"@context\":\"https:\/\/schema.org\",\"@graph\":[{\"@type\":\"WebPage\",\"@id\":\"https:\/\/sannafjallet.se\/?page_id=2\",\"url\":\"https:\/\/sannafjallet.se\/?page_id=2\",\"name\":\"Kontakta oss - sannafjallet.se\",\"isPartOf\":{\"@id\":\"https:\/\/sannafjallet.se\/#website\"},\"datePublished\":\"2024-02-26T13:29:14+00:00\",\"dateModified\":\"2025-02-21T11:25:54+00:00\",\"breadcrumb\":{\"@id\":\"https:\/\/sannafjallet.se\/?page_id=2#breadcrumb\"},\"inLanguage\":\"en-US\",\"potentialAction\":[{\"@type\":\"ReadAction\",\"target\":[\"https:\/\/sannafjallet.se\/?page_id=2\"]}]},{\"@type\":\"BreadcrumbList\",\"@id\":\"https:\/\/sannafjallet.se\/?page_id=2#breadcrumb\",\"itemListElement\":[{\"@type\":\"ListItem\",\"position\":1,\"name\":\"Home\",\"item\":\"https:\/\/sannafjallet.se\/\"},{\"@type\":\"ListItem\",\"position\":2,\"name\":\"Kontakta oss\"}]},{\"@type\":\"WebSite\",\"@id\":\"https:\/\/sannafjallet.se\/#website\",\"url\":\"https:\/\/sannafjallet.se\/\",\"name\":\"sannafjallet.se\",\"description\":\"\",\"publisher\":{\"@id\":\"https:\/\/sannafjallet.se\/#organization\"},\"potentialAction\":[{\"@type\":\"SearchAction\",\"target\":{\"@type\":\"EntryPoint\",\"urlTemplate\":\"https:\/\/sannafjallet.se\/?s={search_term_string}\"},\"query-input\":{\"@type\":\"PropertyValueSpecification\",\"valueRequired\":true,\"valueName\":\"search_term_string\"}}],\"inLanguage\":\"en-US\"},{\"@type\":\"Organization\",\"@id\":\"https:\/\/sannafjallet.se\/#organization\",\"name\":\"sannafjallet.se\",\"url\":\"https:\/\/sannafjallet.se\/\",\"logo\":{\"@type\":\"ImageObject\",\"inLanguage\":\"en-US\",\"@id\":\"https:\/\/sannafjallet.se\/#\/schema\/logo\/image\/\",\"url\":\"https:\/\/sannafjallet.se\/wp-content\/uploads\/2025\/02\/sannafjallet.png\",\"contentUrl\":\"https:\/\/sannafjallet.se\/wp-content\/uploads\/2025\/02\/sannafjallet.png\",\"width\":500,\"height\":155,\"caption\":\"sannafjallet.se\"},\"image\":{\"@id\":\"https:\/\/sannafjallet.se\/#\/schema\/logo\/image\/\"}}]}<\/script>\n<!-- \/ Yoast SEO plugin. -->","yoast_head_json":{"title":"Kontakta oss - sannafjallet.se","robots":{"index":"index","follow":"follow","max-snippet":"max-snippet:-1","max-image-preview":"max-image-preview:large","max-video-preview":"max-video-preview:-1"},"canonical":"https:\/\/sannafjallet.se\/?page_id=2","og_locale":"en_US","og_type":"article","og_title":"Kontakta oss - sannafjallet.se","og_description":"F\u00f6lj oss p\u00e5 sociala medier! H\u00e5ll dig uppdaterad med de senaste kattipsen, artiklar och inspiration f\u00f6r ett kattv\u00e4nligt liv. Facebook: @sannafjallet Instagram: @sannafjallet Vi ser fram emot att h\u00f6ra fr\u00e5n dig! 071-234 56 89 info@sannafjallet.se","og_url":"https:\/\/sannafjallet.se\/?page_id=2","og_site_name":"sannafjallet.se","article_modified_time":"2025-02-21T11:25:54+00:00","twitter_card":"summary_large_image","twitter_misc":{"Est. reading time":"1 minute"},"schema":{"@context":"https:\/\/schema.org","@graph":[{"@type":"WebPage","@id":"https:\/\/sannafjallet.se\/?page_id=2","url":"https:\/\/sannafjallet.se\/?page_id=2","name":"Kontakta oss - sannafjallet.se","isPartOf":{"@id":"https:\/\/sannafjallet.se\/#website"},"datePublished":"2024-02-26T13:29:14+00:00","dateModified":"2025-02-21T11:25:54+00:00","breadcrumb":{"@id":"https:\/\/sannafjallet.se\/?page_id=2#breadcrumb"},"inLanguage":"en-US","potentialAction":[{"@type":"ReadAction","target":["https:\/\/sannafjallet.se\/?page_id=2"]}]},{"@type":"BreadcrumbList","@id":"https:\/\/sannafjallet.se\/?page_id=2#breadcrumb","itemListElement":[{"@type":"ListItem","position":1,"name":"Home","item":"https:\/\/sannafjallet.se\/"},{"@type":"ListItem","position":2,"name":"Kontakta oss"}]},{"@type":"WebSite","@id":"https:\/\/sannafjallet.se\/#website","url":"https:\/\/sannafjallet.se\/","name":"sannafjallet.se","description":"","publisher":{"@id":"https:\/\/sannafjallet.se\/#organization"},"potentialAction":[{"@type":"SearchAction","target":{"@type":"EntryPoint","urlTemplate":"https:\/\/sannafjallet.se\/?s={search_term_string}"},"query-input":{"@type":"PropertyValueSpecification","valueRequired":true,"valueName":"search_term_string"}}],"inLanguage":"en-US"},{"@type":"Organization","@id":"https:\/\/sannafjallet.se\/#organization","name":"sannafjallet.se","url":"https:\/\/sannafjallet.se\/","logo":{"@type":"ImageObject","inLanguage":"en-US","@id":"https:\/\/sannafjallet.se\/#\/schema\/logo\/image\/","url":"https:\/\/sannafjallet.se\/wp-content\/uploads\/2025\/02\/sannafjallet.png","contentUrl":"https:\/\/sannafjallet.se\/wp-content\/uploads\/2025\/02\/sannafjallet.png","width":500,"height":155,"caption":"sannafjallet.se"},"image":{"@id":"https:\/\/sannafjallet.se\/#\/schema\/logo\/image\/"}}]}},"_links":{"self":[{"href":"https:\/\/sannafjallet.se\/index.php?rest_route=\/wp\/v2\/pages\/2","targetHints":{"allow":["GET"]}}],"collection":[{"href":"https:\/\/sannafjallet.se\/index.php?rest_route=\/wp\/v2\/pages"}],"about":[{"href":"https:\/\/sannafjallet.se\/index.php?rest_route=\/wp\/v2\/types\/page"}],"author":[{"embeddable":true,"href":"https:\/\/sannafjallet.se\/index.php?rest_route=\/wp\/v2\/users\/1"}],"replies":[{"embeddable":true,"href":"https:\/\/sannafjallet.se\/index.php?rest_route=%2Fwp%2Fv2%2Fcomments&post=2"}],"version-history":[{"count":40,"href":"https:\/\/sannafjallet.se\/index.php?rest_route=\/wp\/v2\/pages\/2\/revisions"}],"predecessor-version":[{"id":178,"href":"https:\/\/sannafjallet.se\/index.php?rest_route=\/wp\/v2\/pages\/2\/revisions\/178"}],"wp:attachment":[{"href":"https:\/\/sannafjallet.se\/index.php?rest_route=%2Fwp%2Fv2%2Fmedia&parent=2"}],"curies":[{"name":"wp","href":"https:\/\/api.w.org\/{rel}","templated":true}]}}