{"id":8,"date":"2025-02-11T11:14:38","date_gmt":"2025-02-11T11:14:38","guid":{"rendered":"https:\/\/sannafjallet.se\/?page_id=8"},"modified":"2025-02-21T11:20:06","modified_gmt":"2025-02-21T11:20:06","slug":"om-oss","status":"publish","type":"page","link":"https:\/\/sannafjallet.se\/?page_id=8","title":{"rendered":"Om oss"},"content":{"rendered":"\t\t<div data-elementor-type=\"wp-page\" data-elementor-id=\"8\" class=\"elementor elementor-8\" data-elementor-post-type=\"page\">\n\t\t\t\t<div class=\"elementor-element elementor-element-3169d73 e-flex e-con-boxed e-con e-parent\" data-id=\"3169d73\" data-element_type=\"container\">\n\t\t\t\t\t<div class=\"e-con-inner\">\n\t\t<div class=\"elementor-element elementor-element-f2737f8 e-con-full e-flex e-con e-child\" data-id=\"f2737f8\" data-element_type=\"container\">\n\t\t<div class=\"elementor-element elementor-element-73ac6ef e-con-full e-flex e-con e-child\" data-id=\"73ac6ef\" data-element_type=\"container\">\n\t\t\t\t<div class=\"elementor-element elementor-element-915e321 elementor-widget elementor-widget-heading\" data-id=\"915e321\" data-element_type=\"widget\" data-widget_type=\"heading.default\">\n\t\t\t\t<div class=\"elementor-widget-container\">\n\t\t\t\t\t<h2 class=\"elementor-heading-title elementor-size-default\">F\u00f6r k\u00e4rleken till katter<\/h2>\t\t\t\t<\/div>\n\t\t\t\t<\/div>\n\t\t\t\t<div class=\"elementor-element elementor-element-192e7d3 elementor-widget elementor-widget-text-editor\" data-id=\"192e7d3\" data-element_type=\"widget\" data-widget_type=\"text-editor.default\">\n\t\t\t\t<div class=\"elementor-widget-container\">\n\t\t\t\t\t\t\t\t\t<p data-start=\"129\" data-end=\"228\">V\u00e4lkommen till Sannafj\u00e4llet \u2013 en sida f\u00f6r alla som \u00e4lskar katter och vill ge dem det b\u00e4sta livet!<\/p><p data-start=\"230\" data-end=\"530\">Katter \u00e4r fantastiska djur med unika personligheter och behov. Vi skapade denna sida f\u00f6r att samla kunskap, inspiration och tips om hur du kan ta hand om din katt p\u00e5 b\u00e4sta s\u00e4tt. Oavsett om du \u00e4r nybliven katt\u00e4gare eller har haft katter i m\u00e5nga \u00e5r, hoppas vi att du hittar v\u00e4rdefull information h\u00e4r.<\/p>\t\t\t\t\t\t\t\t<\/div>\n\t\t\t\t<\/div>\n\t\t\t\t<\/div>\n\t\t\t\t<\/div>\n\t\t<div class=\"elementor-element elementor-element-8330e28 e-con-full e-flex e-con e-child\" data-id=\"8330e28\" data-element_type=\"container\">\n\t\t<div class=\"elementor-element elementor-element-e06883b e-con-full e-flex e-con e-child\" data-id=\"e06883b\" data-element_type=\"container\">\n\t\t\t\t<div class=\"elementor-element elementor-element-1562f1b elementor-widget elementor-widget-icon-box\" data-id=\"1562f1b\" data-element_type=\"widget\" data-widget_type=\"icon-box.default\">\n\t\t\t\t<div class=\"elementor-widget-container\">\n\t\t\t\t\t\t\t<div class=\"elementor-icon-box-wrapper\">\n\n\t\t\t\n\t\t\t\t\t\t<div class=\"elementor-icon-box-content\">\n\n\t\t\t\t\t\t\t\t\t<h3 class=\"elementor-icon-box-title\">\n\t\t\t\t\t\t<span  >\n\t\t\t\t\t\t\tVad vi delar med oss av:\t\t\t\t\t\t<\/span>\n\t\t\t\t\t<\/h3>\n\t\t\t\t\n\t\t\t\t\t\t\t\t\t<p class=\"elementor-icon-box-description\">\n\t\t\t\t\t\t\u2705 R\u00e5d om kattv\u00e5rd \u2013 fr\u00e5n p\u00e4lsv\u00e5rd till kloklippning\n<br>\n\u2705 Tips om kattens h\u00e4lsa och kost <br>\n\u2705 Aktivering och lek f\u00f6r en glad och stimulerad katt <br>\n\u2705 Nyheter och trender inom kattv\u00e4rlden\t\t\t\t\t<\/p>\n\t\t\t\t\n\t\t\t<\/div>\n\t\t\t\n\t\t<\/div>\n\t\t\t\t\t\t<\/div>\n\t\t\t\t<\/div>\n\t\t\t\t<div class=\"elementor-element elementor-element-7cfd461 elementor-widget-divider--view-line elementor-widget elementor-widget-divider\" data-id=\"7cfd461\" data-element_type=\"widget\" data-widget_type=\"divider.default\">\n\t\t\t\t<div class=\"elementor-widget-container\">\n\t\t\t\t\t\t\t<div class=\"elementor-divider\">\n\t\t\t<span class=\"elementor-divider-separator\">\n\t\t\t\t\t\t<\/span>\n\t\t<\/div>\n\t\t\t\t\t\t<\/div>\n\t\t\t\t<\/div>\n\t\t\t\t<div class=\"elementor-element elementor-element-ddcf21f elementor-widget elementor-widget-icon-box\" data-id=\"ddcf21f\" data-element_type=\"widget\" data-widget_type=\"icon-box.default\">\n\t\t\t\t<div class=\"elementor-widget-container\">\n\t\t\t\t\t\t\t<div class=\"elementor-icon-box-wrapper\">\n\n\t\t\t\n\t\t\t\t\t\t<div class=\"elementor-icon-box-content\">\n\n\t\t\t\t\n\t\t\t\t\t\t\t\t\t<p class=\"elementor-icon-box-description\">\n\t\t\t\t\t\tV\u00e5r mission \u00e4r att g\u00f6ra det enkelt och roligt att ta hand om din katt, s\u00e5 att den f\u00e5r ett l\u00e5ngt, friskt och lyckligt liv. Vi brinner f\u00f6r kattens v\u00e4lm\u00e5ende och vill skapa en plats d\u00e4r katt\u00e4gare kan hitta anv\u00e4ndbar information och inspiration i vardagen.\t\t\t\t\t<\/p>\n\t\t\t\t\n\t\t\t<\/div>\n\t\t\t\n\t\t<\/div>\n\t\t\t\t\t\t<\/div>\n\t\t\t\t<\/div>\n\t\t\t\t<\/div>\n\t\t\t\t<\/div>\n\t\t\t\t\t<\/div>\n\t\t\t\t<\/div>\n\t\t\t\t<\/div>\n\t\t","protected":false},"excerpt":{"rendered":"<p>F\u00f6r k\u00e4rleken till katter V\u00e4lkommen till Sannafj\u00e4llet \u2013 en sida f\u00f6r alla som \u00e4lskar katter och vill ge dem det b\u00e4sta livet! Katter \u00e4r fantastiska djur med unika personligheter och behov. Vi skapade denna sida f\u00f6r att samla kunskap, inspiration och tips om hur du kan ta hand om din katt p\u00e5 b\u00e4sta s\u00e4tt. Oavsett [&hellip;]<\/p>\n","protected":false},"author":2,"featured_media":0,"parent":0,"menu_order":0,"comment_status":"closed","ping_status":"closed","template":"","meta":{"footnotes":""},"class_list":["post-8","page","type-page","status-publish","hentry"],"yoast_head":"<!-- This site is optimized with the Yoast SEO plugin v24.4 - https:\/\/yoast.com\/wordpress\/plugins\/seo\/ -->\n<title>Om oss - sannafjallet.se<\/title>\n<meta name=\"robots\" content=\"index, follow, max-snippet:-1, max-image-preview:large, max-video-preview:-1\" \/>\n<link rel=\"canonical\" href=\"https:\/\/sannafjallet.se\/?page_id=8\" \/>\n<meta property=\"og:locale\" content=\"en_US\" \/>\n<meta property=\"og:type\" content=\"article\" \/>\n<meta property=\"og:title\" content=\"Om oss - sannafjallet.se\" \/>\n<meta property=\"og:description\" content=\"F\u00f6r k\u00e4rleken till katter V\u00e4lkommen till Sannafj\u00e4llet \u2013 en sida f\u00f6r alla som \u00e4lskar katter och vill ge dem det b\u00e4sta livet! Katter \u00e4r fantastiska djur med unika personligheter och behov. Vi skapade denna sida f\u00f6r att samla kunskap, inspiration och tips om hur du kan ta hand om din katt p\u00e5 b\u00e4sta s\u00e4tt. Oavsett [&hellip;]\" \/>\n<meta property=\"og:url\" content=\"https:\/\/sannafjallet.se\/?page_id=8\" \/>\n<meta property=\"og:site_name\" content=\"sannafjallet.se\" \/>\n<meta property=\"article:modified_time\" content=\"2025-02-21T11:20:06+00:00\" \/>\n<meta name=\"twitter:card\" content=\"summary_large_image\" \/>\n<meta name=\"twitter:label1\" content=\"Est. reading time\" \/>\n\t<meta name=\"twitter:data1\" content=\"1 minute\" \/>\n<script type=\"application\/ld+json\" class=\"yoast-schema-graph\">{\"@context\":\"https:\/\/schema.org\",\"@graph\":[{\"@type\":\"WebPage\",\"@id\":\"https:\/\/sannafjallet.se\/?page_id=8\",\"url\":\"https:\/\/sannafjallet.se\/?page_id=8\",\"name\":\"Om oss - sannafjallet.se\",\"isPartOf\":{\"@id\":\"https:\/\/sannafjallet.se\/#website\"},\"datePublished\":\"2025-02-11T11:14:38+00:00\",\"dateModified\":\"2025-02-21T11:20:06+00:00\",\"breadcrumb\":{\"@id\":\"https:\/\/sannafjallet.se\/?page_id=8#breadcrumb\"},\"inLanguage\":\"en-US\",\"potentialAction\":[{\"@type\":\"ReadAction\",\"target\":[\"https:\/\/sannafjallet.se\/?page_id=8\"]}]},{\"@type\":\"BreadcrumbList\",\"@id\":\"https:\/\/sannafjallet.se\/?page_id=8#breadcrumb\",\"itemListElement\":[{\"@type\":\"ListItem\",\"position\":1,\"name\":\"Home\",\"item\":\"https:\/\/sannafjallet.se\/\"},{\"@type\":\"ListItem\",\"position\":2,\"name\":\"Om oss\"}]},{\"@type\":\"WebSite\",\"@id\":\"https:\/\/sannafjallet.se\/#website\",\"url\":\"https:\/\/sannafjallet.se\/\",\"name\":\"sannafjallet.se\",\"description\":\"\",\"publisher\":{\"@id\":\"https:\/\/sannafjallet.se\/#organization\"},\"potentialAction\":[{\"@type\":\"SearchAction\",\"target\":{\"@type\":\"EntryPoint\",\"urlTemplate\":\"https:\/\/sannafjallet.se\/?s={search_term_string}\"},\"query-input\":{\"@type\":\"PropertyValueSpecification\",\"valueRequired\":true,\"valueName\":\"search_term_string\"}}],\"inLanguage\":\"en-US\"},{\"@type\":\"Organization\",\"@id\":\"https:\/\/sannafjallet.se\/#organization\",\"name\":\"sannafjallet.se\",\"url\":\"https:\/\/sannafjallet.se\/\",\"logo\":{\"@type\":\"ImageObject\",\"inLanguage\":\"en-US\",\"@id\":\"https:\/\/sannafjallet.se\/#\/schema\/logo\/image\/\",\"url\":\"https:\/\/sannafjallet.se\/wp-content\/uploads\/2025\/02\/sannafjallet.png\",\"contentUrl\":\"https:\/\/sannafjallet.se\/wp-content\/uploads\/2025\/02\/sannafjallet.png\",\"width\":500,\"height\":155,\"caption\":\"sannafjallet.se\"},\"image\":{\"@id\":\"https:\/\/sannafjallet.se\/#\/schema\/logo\/image\/\"}}]}<\/script>\n<!-- \/ Yoast SEO plugin. -->","yoast_head_json":{"title":"Om oss - sannafjallet.se","robots":{"index":"index","follow":"follow","max-snippet":"max-snippet:-1","max-image-preview":"max-image-preview:large","max-video-preview":"max-video-preview:-1"},"canonical":"https:\/\/sannafjallet.se\/?page_id=8","og_locale":"en_US","og_type":"article","og_title":"Om oss - sannafjallet.se","og_description":"F\u00f6r k\u00e4rleken till katter V\u00e4lkommen till Sannafj\u00e4llet \u2013 en sida f\u00f6r alla som \u00e4lskar katter och vill ge dem det b\u00e4sta livet! Katter \u00e4r fantastiska djur med unika personligheter och behov. Vi skapade denna sida f\u00f6r att samla kunskap, inspiration och tips om hur du kan ta hand om din katt p\u00e5 b\u00e4sta s\u00e4tt. Oavsett [&hellip;]","og_url":"https:\/\/sannafjallet.se\/?page_id=8","og_site_name":"sannafjallet.se","article_modified_time":"2025-02-21T11:20:06+00:00","twitter_card":"summary_large_image","twitter_misc":{"Est. reading time":"1 minute"},"schema":{"@context":"https:\/\/schema.org","@graph":[{"@type":"WebPage","@id":"https:\/\/sannafjallet.se\/?page_id=8","url":"https:\/\/sannafjallet.se\/?page_id=8","name":"Om oss - sannafjallet.se","isPartOf":{"@id":"https:\/\/sannafjallet.se\/#website"},"datePublished":"2025-02-11T11:14:38+00:00","dateModified":"2025-02-21T11:20:06+00:00","breadcrumb":{"@id":"https:\/\/sannafjallet.se\/?page_id=8#breadcrumb"},"inLanguage":"en-US","potentialAction":[{"@type":"ReadAction","target":["https:\/\/sannafjallet.se\/?page_id=8"]}]},{"@type":"BreadcrumbList","@id":"https:\/\/sannafjallet.se\/?page_id=8#breadcrumb","itemListElement":[{"@type":"ListItem","position":1,"name":"Home","item":"https:\/\/sannafjallet.se\/"},{"@type":"ListItem","position":2,"name":"Om oss"}]},{"@type":"WebSite","@id":"https:\/\/sannafjallet.se\/#website","url":"https:\/\/sannafjallet.se\/","name":"sannafjallet.se","description":"","publisher":{"@id":"https:\/\/sannafjallet.se\/#organization"},"potentialAction":[{"@type":"SearchAction","target":{"@type":"EntryPoint","urlTemplate":"https:\/\/sannafjallet.se\/?s={search_term_string}"},"query-input":{"@type":"PropertyValueSpecification","valueRequired":true,"valueName":"search_term_string"}}],"inLanguage":"en-US"},{"@type":"Organization","@id":"https:\/\/sannafjallet.se\/#organization","name":"sannafjallet.se","url":"https:\/\/sannafjallet.se\/","logo":{"@type":"ImageObject","inLanguage":"en-US","@id":"https:\/\/sannafjallet.se\/#\/schema\/logo\/image\/","url":"https:\/\/sannafjallet.se\/wp-content\/uploads\/2025\/02\/sannafjallet.png","contentUrl":"https:\/\/sannafjallet.se\/wp-content\/uploads\/2025\/02\/sannafjallet.png","width":500,"height":155,"caption":"sannafjallet.se"},"image":{"@id":"https:\/\/sannafjallet.se\/#\/schema\/logo\/image\/"}}]}},"_links":{"self":[{"href":"https:\/\/sannafjallet.se\/index.php?rest_route=\/wp\/v2\/pages\/8","targetHints":{"allow":["GET"]}}],"collection":[{"href":"https:\/\/sannafjallet.se\/index.php?rest_route=\/wp\/v2\/pages"}],"about":[{"href":"https:\/\/sannafjallet.se\/index.php?rest_route=\/wp\/v2\/types\/page"}],"author":[{"embeddable":true,"href":"https:\/\/sannafjallet.se\/index.php?rest_route=\/wp\/v2\/users\/2"}],"replies":[{"embeddable":true,"href":"https:\/\/sannafjallet.se\/index.php?rest_route=%2Fwp%2Fv2%2Fcomments&post=8"}],"version-history":[{"count":7,"href":"https:\/\/sannafjallet.se\/index.php?rest_route=\/wp\/v2\/pages\/8\/revisions"}],"predecessor-version":[{"id":172,"href":"https:\/\/sannafjallet.se\/index.php?rest_route=\/wp\/v2\/pages\/8\/revisions\/172"}],"wp:attachment":[{"href":"https:\/\/sannafjallet.se\/index.php?rest_route=%2Fwp%2Fv2%2Fmedia&parent=8"}],"curies":[{"name":"wp","href":"https:\/\/api.w.org\/{rel}","templated":true}]}}